{"id":13,"date":"2020-12-27T09:49:41","date_gmt":"2020-12-27T08:49:41","guid":{"rendered":"http:\/\/ccsp.ovh\/?page_id=13"},"modified":"2021-01-13T22:08:19","modified_gmt":"2021-01-13T21:08:19","slug":"a-propos-de","status":"publish","type":"page","link":"https:\/\/ccsp.ovh\/?page_id=13","title":{"rendered":"Le mot du pr\u00e9sident"},"content":{"rendered":"\n<div class=\"wp-block-group\"><div class=\"wp-block-group__inner-container is-layout-flow wp-block-group-is-layout-flow\">\n<div class=\"wp-block-group\"><div class=\"wp-block-group__inner-container is-layout-flow wp-block-group-is-layout-flow\">\n<div class=\"wp-block-image is-style-default\"><figure class=\"aligncenter size-large is-resized\"><img decoding=\"async\" loading=\"lazy\" src=\"http:\/\/ccsp.ovh\/wp-content\/uploads\/2020\/12\/jonathan.jpg\" alt=\"Jonathan Krajniewski\" class=\"wp-image-99\" width=\"165\" height=\"214\"\/><\/figure><\/div>\n\n\n\n<p class=\"has-drop-cap has-medium-font-size\"><strong>A<\/strong>mis sportifs, que vous soyez d\u00e9butants ou confirm\u00e9s, hommes ou femmes, adultes ou jeunes, si vous aimez les balades \u00e0 v\u00e9lo et si vous en avez assez de rouler seul sans trop savoir o\u00f9 aller, rejoignez le CYCLO-CLUB de Saint-Privat.<br>Dans une ambiance de franche convivialit\u00e9 et de solidarit\u00e9, vous y retrouverez une structure organis\u00e9e, confirm\u00e9e, o\u00f9 vous pourrez, parfois en semaine, mais toujours le dimanche matin, sur les routes de la r\u00e9gion, participer aux sorties club ou aux randonn\u00e9es organis\u00e9es par les diff\u00e9rents clubs affili\u00e9s F.F.C.T. de notre superbe r\u00e9gion.<br>Bient\u00f4t, les balades dominicales sur les petites routes de la campagne lorraine n&rsquo;auront plus de secret pour vous.&nbsp;Et si vous vous sentez pousser des ailes, vous ne r\u00e9sisterez pas \u00e0 l&rsquo;attrait d&rsquo;un s\u00e9jour dans les Ardennes belges ou en Ard\u00e8che.&nbsp;L&rsquo;aventure vous tente? Prenez contact avec nous. Pas de titre, pas de challenge, pas de comp\u00e9tition. Simplement la joie de rouler \u00ab&nbsp;tranquille&nbsp;\u00bb entre copains.&nbsp;Une vingtaine d&rsquo;adh\u00e9rents vous attendent et vous accueilleront pour partager ensemble d&rsquo;agr\u00e9ables moments \u00e0 v\u00e9lo.&nbsp;<\/p>\n<\/div><\/div>\n<\/div><\/div>\n\n\n\n<p class=\"has-medium-font-size\"><strong>Contact&nbsp;: Jonathan KRAJNIEWSKI,&nbsp;&nbsp;pr\u00e9sident. <br>T\u00e9l : 06 99 02 80 17<\/strong><br><a href=\"mailto:cycloclubsaintprivat@gmail.com\">cycloclubsaintprivat@gmail.com<\/a><\/p>\n","protected":false},"excerpt":{"rendered":"<p>Amis sportifs, que vous soyez d\u00e9butants ou confirm\u00e9s, hommes ou femmes, adultes ou jeunes, si vous aimez les balades \u00e0 v\u00e9lo et si vous en avez assez de rouler seul sans trop savoir o\u00f9 aller, rejoignez le CYCLO-CLUB de Saint-Privat.Dans une ambiance de franche convivialit\u00e9 et de solidarit\u00e9, vous y retrouverez une structure organis\u00e9e, confirm\u00e9e, [&hellip;]<\/p>\n","protected":false},"author":1,"featured_media":99,"parent":0,"menu_order":0,"comment_status":"closed","ping_status":"closed","template":"","meta":{"footnotes":""},"_links":{"self":[{"href":"https:\/\/ccsp.ovh\/index.php?rest_route=\/wp\/v2\/pages\/13"}],"collection":[{"href":"https:\/\/ccsp.ovh\/index.php?rest_route=\/wp\/v2\/pages"}],"about":[{"href":"https:\/\/ccsp.ovh\/index.php?rest_route=\/wp\/v2\/types\/page"}],"author":[{"embeddable":true,"href":"https:\/\/ccsp.ovh\/index.php?rest_route=\/wp\/v2\/users\/1"}],"replies":[{"embeddable":true,"href":"https:\/\/ccsp.ovh\/index.php?rest_route=%2Fwp%2Fv2%2Fcomments&post=13"}],"version-history":[{"count":0,"href":"https:\/\/ccsp.ovh\/index.php?rest_route=\/wp\/v2\/pages\/13\/revisions"}],"wp:featuredmedia":[{"embeddable":true,"href":"https:\/\/ccsp.ovh\/index.php?rest_route=\/wp\/v2\/media\/99"}],"wp:attachment":[{"href":"https:\/\/ccsp.ovh\/index.php?rest_route=%2Fwp%2Fv2%2Fmedia&parent=13"}],"curies":[{"name":"wp","href":"https:\/\/api.w.org\/{rel}","templated":true}]}}