{"id":306,"date":"2021-01-01T19:36:53","date_gmt":"2021-01-01T18:36:53","guid":{"rendered":"http:\/\/ccsp.ovh\/?page_id=306"},"modified":"2023-02-02T17:59:24","modified_gmt":"2023-02-02T16:59:24","slug":"licences","status":"publish","type":"page","link":"https:\/\/ccsp.ovh\/?page_id=306","title":{"rendered":"Licences"},"content":{"rendered":"\n<p><strong>Le tarif de la cotisation annuelle est de 75\u20ac\u00a0pour les plus de 25 ans.\u00a0<br><\/strong>Elle reste \u00e0\u00a040\u20ac\u00a0pour les jeunes.\u00a0\u00a0Elles incluent la licence FFCT \u00ab\u00a0petit braquet\u00a0\u00bb.\u00a0<br>Le club reste \u00e9galement assur\u00e9 par le contrat f\u00e9d\u00e9ral Allianz (n\u00b049924439).\u00a0<br>Il est toujours possible de prendre une autre option en fonction des d\u00e9sid\u00e9ratas de chacun (grand braquet, assurance vol&#8230;)\u00a0<br>Pour ceux qui ne l&rsquo;auraient pas encore fait, le r\u00e8glement des cotisations est \u00e0 r\u00e9aliser au plus vite aupr\u00e8s de notre tr\u00e9sorier.\u00a0<\/p>\n\n\n\n<p>Merci d&rsquo;avance<\/p>\n","protected":false},"excerpt":{"rendered":"<p>Le tarif de la cotisation annuelle est de 75\u20ac\u00a0pour les plus de 25 ans.\u00a0Elle reste \u00e0\u00a040\u20ac\u00a0pour les jeunes.\u00a0\u00a0Elles incluent la licence FFCT \u00ab\u00a0petit braquet\u00a0\u00bb.\u00a0Le club reste \u00e9galement assur\u00e9 par le contrat f\u00e9d\u00e9ral Allianz (n\u00b049924439).\u00a0Il est toujours possible de prendre une autre option en fonction des d\u00e9sid\u00e9ratas de chacun (grand braquet, assurance vol&#8230;)\u00a0Pour ceux qui ne [&hellip;]<\/p>\n","protected":false},"author":1,"featured_media":0,"parent":0,"menu_order":0,"comment_status":"closed","ping_status":"closed","template":"","meta":{"footnotes":""},"_links":{"self":[{"href":"https:\/\/ccsp.ovh\/index.php?rest_route=\/wp\/v2\/pages\/306"}],"collection":[{"href":"https:\/\/ccsp.ovh\/index.php?rest_route=\/wp\/v2\/pages"}],"about":[{"href":"https:\/\/ccsp.ovh\/index.php?rest_route=\/wp\/v2\/types\/page"}],"author":[{"embeddable":true,"href":"https:\/\/ccsp.ovh\/index.php?rest_route=\/wp\/v2\/users\/1"}],"replies":[{"embeddable":true,"href":"https:\/\/ccsp.ovh\/index.php?rest_route=%2Fwp%2Fv2%2Fcomments&post=306"}],"version-history":[{"count":0,"href":"https:\/\/ccsp.ovh\/index.php?rest_route=\/wp\/v2\/pages\/306\/revisions"}],"wp:attachment":[{"href":"https:\/\/ccsp.ovh\/index.php?rest_route=%2Fwp%2Fv2%2Fmedia&parent=306"}],"curies":[{"name":"wp","href":"https:\/\/api.w.org\/{rel}","templated":true}]}}