{"id":317,"date":"2021-01-01T20:33:45","date_gmt":"2021-01-01T19:33:45","guid":{"rendered":"http:\/\/ccsp.ovh\/?page_id=317"},"modified":"2021-01-03T11:05:37","modified_gmt":"2021-01-03T10:05:37","slug":"sorties","status":"publish","type":"page","link":"https:\/\/ccsp.ovh\/?page_id=317","title":{"rendered":"Sorties"},"content":{"rendered":"\n\n\n<h6 class=\"wp-block-heading\">Sorties les dimanches matin, horaires \u00e0 pr\u00e9ciser. <br><br>Les sorties de semaine sont inscrites <br>dans le planning. <br>Pour y acc\u00e9der&#8230;<\/h6>\n\n\n\n<div class=\"wp-block-image\"><figure class=\"aligncenter size-large is-resized\"><a href=\"http:\/\/ccsp.ovh\/planning\" target=\"_blank\" rel=\"noopener\"><img decoding=\"async\" loading=\"lazy\" src=\"http:\/\/ccsp.ovh\/wp-content\/uploads\/2021\/01\/ici.png\" alt=\"\" class=\"wp-image-395\" width=\"93\" height=\"90\"\/><\/a><\/figure><\/div>\n\n\n\n<div class=\"wp-block-group is-layout-flow wp-block-group-is-layout-flow\"><div class=\"wp-block-group__inner-container\"><\/div><\/div>\n\n\n\n<p><\/p>\n","protected":false},"excerpt":{"rendered":"<p>Sorties les dimanches matin, horaires \u00e0 pr\u00e9ciser. Les sorties de semaine sont inscrites dans le planning. Pour y acc\u00e9der&#8230;<\/p>\n","protected":false},"author":1,"featured_media":0,"parent":0,"menu_order":0,"comment_status":"closed","ping_status":"closed","template":"","meta":{"footnotes":""},"_links":{"self":[{"href":"https:\/\/ccsp.ovh\/index.php?rest_route=\/wp\/v2\/pages\/317"}],"collection":[{"href":"https:\/\/ccsp.ovh\/index.php?rest_route=\/wp\/v2\/pages"}],"about":[{"href":"https:\/\/ccsp.ovh\/index.php?rest_route=\/wp\/v2\/types\/page"}],"author":[{"embeddable":true,"href":"https:\/\/ccsp.ovh\/index.php?rest_route=\/wp\/v2\/users\/1"}],"replies":[{"embeddable":true,"href":"https:\/\/ccsp.ovh\/index.php?rest_route=%2Fwp%2Fv2%2Fcomments&post=317"}],"version-history":[{"count":0,"href":"https:\/\/ccsp.ovh\/index.php?rest_route=\/wp\/v2\/pages\/317\/revisions"}],"wp:attachment":[{"href":"https:\/\/ccsp.ovh\/index.php?rest_route=%2Fwp%2Fv2%2Fmedia&parent=317"}],"curies":[{"name":"wp","href":"https:\/\/api.w.org\/{rel}","templated":true}]}}