{"id":451,"date":"2021-01-04T12:33:47","date_gmt":"2021-01-04T11:33:47","guid":{"rendered":"http:\/\/ccsp.ovh\/?page_id=451"},"modified":"2021-01-05T17:52:21","modified_gmt":"2021-01-05T16:52:21","slug":"entre-90-et-109-km","status":"publish","type":"page","link":"https:\/\/ccsp.ovh\/?page_id=451","title":{"rendered":"Entre 90 et 109 km"},"content":{"rendered":"\n<p class=\"has-medium-font-size\" id=\"block-c37b67a0-f8b6-4a7c-a39e-3da00957c6b9\">Fichiers en t\u00e9l\u00e9chargement :<\/p>\n\n\n\n<p id=\"block-c37b67a0-f8b6-4a7c-a39e-3da00957c6b9\"><\/p>\n\n\n\n<table id=\"tablepress-7\" class=\"tablepress tablepress-id-7\">\n<tbody class=\"row-hover\">\n<tr class=\"row-1\">\n\t<td class=\"column-1\" style=\"width:130px;\"><img src=\"http:\/\/ccsp.ovh\/wp-content\/uploads\/2021\/01\/C15.jpg\" alt=\"\" width=\"120\" height=\"199\" class=\"alignnone size-full wp-image-498\" \/><\/td><td class=\"column-2\" style=\"width:400px;\">C15 - C\u00f4tes de Moselle - 106 km - 1215 m de d\u00e9nivel\u00e9.<br \/>\nD\u00e9part de Metz<\/td><td class=\"column-3\" style=\"width:400px;\">[download id=\"626\"]<\/td>\n<\/tr>\n<tr class=\"row-2\">\n\t<td class=\"column-1\"><img src=\"http:\/\/ccsp.ovh\/wp-content\/uploads\/2021\/01\/C23.jpg\" alt=\"\" width=\"120\" height=\"140\" class=\"alignnone size-full wp-image-506\" \/><\/td><td class=\"column-2\">C23 - Vers le nord-ouest - 104 km - 926 m de d\u00e9nivel\u00e9.<br \/>\nSt-Privat-Moyeuvre-Neufchef-Hayange-Angevillers-Tressange-Malavillers-Mercy-le-Haut-Joudreville-Norroy-Briey-Aubou\u00e9-Ste-Marie-St-Privat<\/td><td class=\"column-3\">[download id=\"628\"]<\/td>\n<\/tr>\n<tr class=\"row-3\">\n\t<td class=\"column-1\"><img src=\"http:\/\/ccsp.ovh\/wp-content\/uploads\/2021\/01\/C27.jpg\" alt=\"\" width=\"120\" height=\"138\" class=\"alignnone size-full wp-image-510\" \/><\/td><td class=\"column-2\">C27 - Vers le sud-est - 98 km - 965 m de d\u00e9nivel\u00e9 - D\u00e9part de Batilly<br \/>\nBatilly-Doncourt-St-Marcel-Gorze-Ancy-Corny-Lorry-Mardigny-Pournoy-la-Ch\u00e9tive-Marly-Fey-Ars-Gravelotte-Vern\u00e9ville-Batilly<\/td><td class=\"column-3\">[download id=\"631\"]<\/td>\n<\/tr>\n<tr class=\"row-4\">\n\t<td class=\"column-1\"><img src=\"http:\/\/ccsp.ovh\/wp-content\/uploads\/2021\/01\/C30.jpg\" alt=\"\" width=\"120\" height=\"66\" class=\"alignnone size-full wp-image-513\" \/><\/td><td class=\"column-2\">C30 La privatienne (3) - 100 km - 850 m de d\u00e9nivel\u00e9.<br \/>\nSt-Privat - voir l'image pour les villages travers\u00e9s-St-Privat<\/td><td class=\"column-3\">[download id=\"633\"]<\/td>\n<\/tr>\n<tr class=\"row-5\">\n\t<td class=\"column-1\"><img src=\"http:\/\/ccsp.ovh\/wp-content\/uploads\/2021\/01\/C40.jpg\" alt=\"\" width=\"120\" height=\"99\" class=\"alignnone size-full wp-image-523\" \/><\/td><td class=\"column-2\">C40 - Petit tour de Metz - 104 km - 800 m d\u00e9nivell\u00e9<\/td><td class=\"column-3\">[download id=\"635\"]<\/td>\n<\/tr>\n<\/tbody>\n<\/table>\n\n","protected":false},"excerpt":{"rendered":"<p>Fichiers en t\u00e9l\u00e9chargement :<\/p>\n","protected":false},"author":1,"featured_media":0,"parent":0,"menu_order":0,"comment_status":"closed","ping_status":"closed","template":"","meta":{"footnotes":""},"_links":{"self":[{"href":"https:\/\/ccsp.ovh\/index.php?rest_route=\/wp\/v2\/pages\/451"}],"collection":[{"href":"https:\/\/ccsp.ovh\/index.php?rest_route=\/wp\/v2\/pages"}],"about":[{"href":"https:\/\/ccsp.ovh\/index.php?rest_route=\/wp\/v2\/types\/page"}],"author":[{"embeddable":true,"href":"https:\/\/ccsp.ovh\/index.php?rest_route=\/wp\/v2\/users\/1"}],"replies":[{"embeddable":true,"href":"https:\/\/ccsp.ovh\/index.php?rest_route=%2Fwp%2Fv2%2Fcomments&post=451"}],"version-history":[{"count":0,"href":"https:\/\/ccsp.ovh\/index.php?rest_route=\/wp\/v2\/pages\/451\/revisions"}],"wp:attachment":[{"href":"https:\/\/ccsp.ovh\/index.php?rest_route=%2Fwp%2Fv2%2Fmedia&parent=451"}],"curies":[{"name":"wp","href":"https:\/\/api.w.org\/{rel}","templated":true}]}}